{"id":21,"date":"2021-10-30T14:29:05","date_gmt":"2021-10-30T12:29:05","guid":{"rendered":"https:\/\/fmb.giaever.org\/?page_id=21"},"modified":"2021-11-05T15:58:21","modified_gmt":"2021-11-05T14:58:21","slug":"privat-husvask","status":"publish","type":"page","link":"https:\/\/fmb.giaever.org\/en\/tjenester\/privat-husvask\/","title":{"rendered":"Private cleaning"},"content":{"rendered":"<p>[et_pb_section fb_built=&raquo;1&#8243; _builder_version=&raquo;4.12.0&#8243; _module_preset=&raquo;default&raquo; custom_padding=&raquo;0px||0px||true|false&raquo; global_colors_info=&raquo;{}&raquo; global_module=&raquo;892&#8243; saved_tabs=&raquo;all&raquo;][et_pb_row _builder_version=&raquo;4.12.0&#8243; _module_preset=&raquo;default&raquo; max_width=&raquo;2560px&raquo; custom_padding=&raquo;||0px||false|false&raquo; global_colors_info=&raquo;{}&raquo;][et_pb_column type=&raquo;4_4&#8243; _builder_version=&raquo;4.12.0&#8243; _module_preset=&raquo;default&raquo; global_colors_info=&raquo;{}&raquo;][et_pb_text _builder_version=&raquo;4.12.0&#8243; _module_preset=&raquo;default&raquo; global_colors_info=&raquo;{}&raquo;]<\/p>\n<p><a href=\"https:\/\/fmb.giaever.org\/en\/tjenester\/\"><strong>&lt; Back<\/strong><\/a><\/p>\n<p>[\/et_pb_text][\/et_pb_column][\/et_pb_row][\/et_pb_section][et_pb_section fb_built=&raquo;1&#8243; _builder_version=&raquo;4.12.0&#8243; _module_preset=&raquo;default&raquo; global_colors_info=&raquo;{}&raquo;][et_pb_row column_structure=&raquo;1_2,1_2&#8243; use_custom_gutter=&raquo;on&raquo; gutter_width=&raquo;2&#8243; make_equal=&raquo;on&raquo; _builder_version=&raquo;4.12.0&#8243; _module_preset=&raquo;default&raquo; max_width=&raquo;2560px&raquo; global_colors_info=&raquo;{}&raquo;][et_pb_column type=&raquo;1_2&#8243; _builder_version=&raquo;4.12.0&#8243; _module_preset=&raquo;default&raquo; global_colors_info=&raquo;{}&raquo;][et_pb_image title_text=&raquo;privat-husvask&raquo; _builder_version=&raquo;4.12.0&#8243; _module_preset=&raquo;default&raquo; background_image=&raquo;https:\/\/fmb.giaever.org\/wp-content\/uploads\/2021\/11\/privat-husvask.jpg&raquo; custom_css_main_element=&raquo;width: 100% !important;||height: 100% !important;||object-fit: contain !important;||min-height: 400px;&raquo; global_colors_info=&raquo;{}&raquo;][\/et_pb_image][\/et_pb_column][et_pb_column type=&raquo;1_2&#8243; _builder_version=&raquo;4.12.0&#8243; _module_preset=&raquo;default&raquo; global_colors_info=&raquo;{}&raquo;][et_pb_text _builder_version=&raquo;4.12.0&#8243; _module_preset=&raquo;default&raquo; header_font=&raquo;|300||on|||||&raquo; header_font_size=&raquo;65px&raquo; custom_margin=&raquo;||||false|false&raquo; custom_padding=&raquo;||30px||false|false&raquo; header_font_size_tablet=&raquo;50px&raquo; header_font_size_phone=&raquo;40px&raquo; header_font_size_last_edited=&raquo;on|phone&raquo; border_width_bottom=&raquo;1px&raquo; global_colors_info=&raquo;{}&raquo;]<\/p>\n<h1>Private cleaning<\/h1>\n<p>[\/et_pb_text][et_pb_text _builder_version=&raquo;4.12.0&#8243; _module_preset=&raquo;default&raquo; text_font=&raquo;|300|||||||&raquo; text_font_size=&raquo;18px&raquo; text_line_height=&raquo;1.5em&raquo; text_font_size_tablet=&raquo;16px&raquo; text_font_size_phone=&raquo;16px&raquo; text_font_size_last_edited=&raquo;on|phone&raquo; global_colors_info=&raquo;{}&raquo;]<\/p>\n<p>Askepotts Renhold offers permanent and periodic washing of your home. Everyday life can be time consuming and the day has too few hours. More and more people are taking advantage of the opportunity to get more free time and not least a break from a busy work day. We offer you the relief of coming home to a clean and tidy home.<\/p>\n<p>House cleaning is done during the day between 08: 00-15: 00, Monday to Friday by appointment.<\/p>\n<p>We make an appointment based on your wishes and needs.<br \/>Please contact us for an offer.<\/p>\n<p>[\/et_pb_text][et_pb_contact_form email=&raquo;fredrik.tiki@gmail.com&raquo; _builder_version=&raquo;4.12.0&#8243; _module_preset=&raquo;default&raquo; custom_button=&raquo;on&raquo; button_text_size=&raquo;16px&raquo; button_text_color=&raquo;#000000&#8243; button_border_width=&raquo;1px&raquo; button_border_color=&raquo;gcid-ad90c7db-0d2c-4475-a835-1744a155109e&raquo; button_border_radius=&raquo;0px&raquo; button_font=&raquo;|||on|||||&raquo; button_icon_color=&raquo;#FFFFFF&raquo; global_colors_info=&raquo;{%22gcid-ad90c7db-0d2c-4475-a835-1744a155109e%22:%91%22button_bg_color__hover%22,%22button_border_color%22%93}&raquo; button_bg_color__hover_enabled=&raquo;on|hover&raquo; button_bg_color__hover=&raquo;#63617c&raquo; button_bg_enable_color__hover=&raquo;on&raquo; button_text_color__hover_enabled=&raquo;on|desktop&raquo; button_text_color__hover=&raquo;#FFFFFF&raquo;][et_pb_contact_field field_id=&raquo;Name&raquo; field_title=&raquo;Navn&raquo; _builder_version=&raquo;4.12.0&#8243; global_colors_info=&raquo;{}&raquo; button_text_size__hover_enabled=&raquo;off&raquo; button_one_text_size__hover_enabled=&raquo;off&raquo; button_two_text_size__hover_enabled=&raquo;off&raquo; button_text_color__hover_enabled=&raquo;off&raquo; button_one_text_color__hover_enabled=&raquo;off&raquo; button_two_text_color__hover_enabled=&raquo;off&raquo; button_border_width__hover_enabled=&raquo;off&raquo; button_one_border_width__hover_enabled=&raquo;off&raquo; button_two_border_width__hover_enabled=&raquo;off&raquo; button_border_color__hover_enabled=&raquo;off&raquo; button_one_border_color__hover_enabled=&raquo;off&raquo; button_two_border_color__hover_enabled=&raquo;off&raquo; button_border_radius__hover_enabled=&raquo;off&raquo; button_one_border_radius__hover_enabled=&raquo;off&raquo; button_two_border_radius__hover_enabled=&raquo;off&raquo; button_letter_spacing__hover_enabled=&raquo;off&raquo; button_one_letter_spacing__hover_enabled=&raquo;off&raquo; button_two_letter_spacing__hover_enabled=&raquo;off&raquo; button_bg_color__hover_enabled=&raquo;off&raquo; button_one_bg_color__hover_enabled=&raquo;off&raquo; button_two_bg_color__hover_enabled=&raquo;off&raquo;][\/et_pb_contact_field][et_pb_contact_field field_id=&raquo;Email&raquo; field_title=&raquo;E-postadresse&raquo; field_type=&raquo;email&raquo; _builder_version=&raquo;3.16&#8243; global_colors_info=&raquo;{}&raquo; button_text_size__hover_enabled=&raquo;off&raquo; button_one_text_size__hover_enabled=&raquo;off&raquo; button_two_text_size__hover_enabled=&raquo;off&raquo; button_text_color__hover_enabled=&raquo;off&raquo; button_one_text_color__hover_enabled=&raquo;off&raquo; button_two_text_color__hover_enabled=&raquo;off&raquo; button_border_width__hover_enabled=&raquo;off&raquo; button_one_border_width__hover_enabled=&raquo;off&raquo; button_two_border_width__hover_enabled=&raquo;off&raquo; button_border_color__hover_enabled=&raquo;off&raquo; button_one_border_color__hover_enabled=&raquo;off&raquo; button_two_border_color__hover_enabled=&raquo;off&raquo; button_border_radius__hover_enabled=&raquo;off&raquo; button_one_border_radius__hover_enabled=&raquo;off&raquo; button_two_border_radius__hover_enabled=&raquo;off&raquo; button_letter_spacing__hover_enabled=&raquo;off&raquo; button_one_letter_spacing__hover_enabled=&raquo;off&raquo; button_two_letter_spacing__hover_enabled=&raquo;off&raquo; button_bg_color__hover_enabled=&raquo;off&raquo; button_one_bg_color__hover_enabled=&raquo;off&raquo; button_two_bg_color__hover_enabled=&raquo;off&raquo;][\/et_pb_contact_field][et_pb_contact_field field_id=&raquo;Telephone&raquo; field_title=&raquo;Telefon&raquo; _builder_version=&raquo;4.12.0&#8243; _module_preset=&raquo;default&raquo; global_colors_info=&raquo;{}&raquo;][\/et_pb_contact_field][et_pb_contact_field field_id=&raquo;SizeM2&#8243; field_title=&raquo;St\u00f8rrelse M\u00b2&raquo; field_type=&raquo;select&raquo; select_options=&raquo;%91{%22value%22:%22<45m\u00b2%22,%22checked%22:0,%22dragID%22:-1},{%22value%22:%2245-59m\u00b2%22,%22checked%22:0,%22dragID%22:0},{%22value%22:%2260-79m\u00b2%22,%22checked%22:0,%22dragID%22:1},{%22value%22:%2280-99m\u00b2%22,%22checked%22:0,%22dragID%22:2},{%22value%22:%22100-119m\u00b2%22,%22checked%22:0,%22dragID%22:3},{%22value%22:%22120-139m\u00b2%22,%22checked%22:0,%22dragID%22:4},{%22value%22:%22140-159m\u00b2%22,%22checked%22:0,%22dragID%22:5},{%22value%22:%22140-159m\u00b2%22,%22checked%22:0,%22dragID%22:6},{%22value%22:%22160-179m\u00b2%22,%22checked%22:0,%22dragID%22:7},{%22value%22:%22180-199m\u00b2%22,%22checked%22:0,%22dragID%22:8},{%22value%22:%22200-219m\u00b2%22,%22checked%22:0,%22dragID%22:9},{%22value%22:%22220-239m\u00b2%22,%22checked%22:0,%22dragID%22:10},{%22value%22:%22240-259m\u00b2%22,%22checked%22:0,%22dragID%22:11},{%22value%22:%22260-279m\u00b2%22,%22checked%22:0,%22dragID%22:12},{%22value%22:%22280-299m\u00b2%22,%22checked%22:0,%22dragID%22:13},{%22value%22:%22300-349m\u00b2%22,%22checked%22:0,%22dragID%22:14},{%22value%22:%22350-399m\u00b2%22,%22checked%22:0,%22dragID%22:15},{%22value%22:%22400m\u00b2>%22,%22checked%22:0,%22dragID%22:16}%93&#8243; _builder_version=&raquo;4.12.0&#8243; _module_preset=&raquo;default&raquo; global_colors_info=&raquo;{}&raquo;][\/et_pb_contact_field][et_pb_contact_field field_id=&raquo;Message&raquo; field_title=&raquo;Melding&raquo; field_type=&raquo;text&raquo; fullwidth_field=&raquo;on&raquo; _builder_version=&raquo;3.16&#8243; global_colors_info=&raquo;{}&raquo; button_text_size__hover_enabled=&raquo;off&raquo; button_one_text_size__hover_enabled=&raquo;off&raquo; button_two_text_size__hover_enabled=&raquo;off&raquo; button_text_color__hover_enabled=&raquo;off&raquo; button_one_text_color__hover_enabled=&raquo;off&raquo; button_two_text_color__hover_enabled=&raquo;off&raquo; button_border_width__hover_enabled=&raquo;off&raquo; button_one_border_width__hover_enabled=&raquo;off&raquo; button_two_border_width__hover_enabled=&raquo;off&raquo; button_border_color__hover_enabled=&raquo;off&raquo; button_one_border_color__hover_enabled=&raquo;off&raquo; button_two_border_color__hover_enabled=&raquo;off&raquo; button_border_radius__hover_enabled=&raquo;off&raquo; button_one_border_radius__hover_enabled=&raquo;off&raquo; button_two_border_radius__hover_enabled=&raquo;off&raquo; button_letter_spacing__hover_enabled=&raquo;off&raquo; button_one_letter_spacing__hover_enabled=&raquo;off&raquo; button_two_letter_spacing__hover_enabled=&raquo;off&raquo; button_bg_color__hover_enabled=&raquo;off&raquo; button_one_bg_color__hover_enabled=&raquo;off&raquo; button_two_bg_color__hover_enabled=&raquo;off&raquo;][\/et_pb_contact_field][\/et_pb_contact_form][\/et_pb_column][\/et_pb_row][\/et_pb_section]<\/p>","protected":false},"excerpt":{"rendered":"<p>&lt; TilbakePrivat husvaskAskepotts Renhold tilbyr fast og periodisk vask av ditt hjem. Hverdagen kan v\u00e6re tidkrevende og d\u00f8gnet har for f\u00e5 timer. Stadig flere benytter seg av muligheten for \u00e5 f\u00e5 mer fritid og ikke minst en pause fra en travel arbeidsdag. Vi tilbyr deg lettelsen med \u00e5 komme hjem til en ren og ryddig [&hellip;]<\/p>","protected":false},"author":2,"featured_media":0,"parent":13,"menu_order":0,"comment_status":"closed","ping_status":"closed","template":"","meta":{"_acf_changed":false,"_et_pb_use_builder":"on","_et_pb_old_content":"","_et_gb_content_width":"","pgc_sgb_lightbox_settings":"","footnotes":""},"acf":[],"_links":{"self":[{"href":"https:\/\/fmb.giaever.org\/en\/wp-json\/wp\/v2\/pages\/21"}],"collection":[{"href":"https:\/\/fmb.giaever.org\/en\/wp-json\/wp\/v2\/pages"}],"about":[{"href":"https:\/\/fmb.giaever.org\/en\/wp-json\/wp\/v2\/types\/page"}],"author":[{"embeddable":true,"href":"https:\/\/fmb.giaever.org\/en\/wp-json\/wp\/v2\/users\/2"}],"replies":[{"embeddable":true,"href":"https:\/\/fmb.giaever.org\/en\/wp-json\/wp\/v2\/comments?post=21"}],"version-history":[{"count":0,"href":"https:\/\/fmb.giaever.org\/en\/wp-json\/wp\/v2\/pages\/21\/revisions"}],"up":[{"embeddable":true,"href":"https:\/\/fmb.giaever.org\/en\/wp-json\/wp\/v2\/pages\/13"}],"wp:attachment":[{"href":"https:\/\/fmb.giaever.org\/en\/wp-json\/wp\/v2\/media?parent=21"}],"curies":[{"name":"wp","href":"https:\/\/api.w.org\/{rel}","templated":true}]}}