{"id":19,"date":"2021-10-30T14:13:29","date_gmt":"2021-10-30T12:13:29","guid":{"rendered":"https:\/\/fmb.giaever.org\/?page_id=19"},"modified":"2022-03-14T12:32:46","modified_gmt":"2022-03-14T11:32:46","slug":"kontakt","status":"publish","type":"page","link":"https:\/\/fmb.giaever.org\/en\/kontakt\/","title":{"rendered":"Contact"},"content":{"rendered":"<p>[et_pb_section fb_built=&raquo;1&#8243; _builder_version=&raquo;4.12.0&#8243; _module_preset=&raquo;1393b617-4f9c-4526-9cd3-635eff37e3dd&raquo; custom_padding=&raquo;0px|||||&raquo; saved_tabs=&raquo;all&raquo; global_colors_info=&raquo;{}&raquo;][et_pb_row column_structure=&raquo;1_2,1_2&#8243; use_custom_gutter=&raquo;on&raquo; gutter_width=&raquo;1&#8243; make_equal=&raquo;on&raquo; _builder_version=&raquo;4.12.0&#8243; _module_preset=&raquo;default&raquo; max_width=&raquo;2560px&raquo; custom_padding=&raquo;50px||||false|false&raquo; border_width_bottom=&raquo;1px&raquo; global_colors_info=&raquo;{}&raquo;][et_pb_column type=&raquo;1_2&#8243; _builder_version=&raquo;4.12.0&#8243; _module_preset=&raquo;922b13a6-9fac-4f22-9ad0-3399e5cc69d2&#8243; global_colors_info=&raquo;{}&raquo;][et_pb_text _builder_version=&raquo;4.12.0&#8243; _module_preset=&raquo;default&raquo; header_font=&raquo;|300||on|||||&raquo; header_font_size=&raquo;65px&raquo; custom_margin=&raquo;||||false|false&raquo; custom_padding=&raquo;||30px||false|false&raquo; header_font_size_tablet=&raquo;50px&raquo; header_font_size_phone=&raquo;40px&raquo; header_font_size_last_edited=&raquo;on|phone&raquo; global_colors_info=&raquo;{}&raquo;]<\/p>\n<h1>Contact,<br \/><strong>or ask us<\/strong><\/h1>\n<p>[\/et_pb_text][\/et_pb_column][et_pb_column type=&raquo;1_2&#8243; _builder_version=&raquo;4.12.0&#8243; _module_preset=&raquo;922b13a6-9fac-4f22-9ad0-3399e5cc69d2&#8243; global_colors_info=&raquo;{}&raquo;][et_pb_text _builder_version=&raquo;4.12.0&#8243; _module_preset=&raquo;default&raquo; text_font=&raquo;|300|||||||&raquo; text_font_size=&raquo;20px&raquo; text_line_height=&raquo;1.4em&raquo; custom_padding=&raquo;||20px||false|false&raquo; global_colors_info=&raquo;{}&raquo;]Har du noen sp\u00f8rsm\u00e5l, del dem med oss.<\/p>\n<p>Kontakt oss via skjemaet, s\u00e5 skreddersyr vi en egen avtale tilpasset dine behov.[\/et_pb_text][\/et_pb_column][\/et_pb_row][\/et_pb_section][et_pb_section fb_built=&raquo;1&#8243; _builder_version=&raquo;4.12.0&#8243; _module_preset=&raquo;default&raquo; custom_padding=&raquo;0px||||false|false&raquo; global_colors_info=&raquo;{}&raquo;][et_pb_row _builder_version=&raquo;4.12.0&#8243; _module_preset=&raquo;default&raquo; max_width=&raquo;2560px&raquo; global_module=&raquo;863&#8243; saved_tabs=&raquo;all&raquo; global_colors_info=&raquo;{}&raquo;][et_pb_column type=&raquo;4_4&#8243; _builder_version=&raquo;4.12.0&#8243; _module_preset=&raquo;default&raquo; global_colors_info=&raquo;{}&raquo;][wpforms_selector form_id=&raquo;1040&#8243; _builder_version=&raquo;4.13.0&#8243; _module_preset=&raquo;default&raquo; global_colors_info=&raquo;{}&raquo;][\/wpforms_selector][\/et_pb_column][\/et_pb_row][\/et_pb_section][et_pb_section fb_built=&raquo;1&#8243; _builder_version=&raquo;4.12.0&#8243; _module_preset=&raquo;default&raquo; custom_padding=&raquo;0px||||false|false&raquo; global_colors_info=&raquo;{}&raquo;][et_pb_row column_structure=&raquo;1_3,1_3,1_3&#8243; _builder_version=&raquo;4.12.0&#8243; _module_preset=&raquo;default&raquo; max_width=&raquo;2560px&raquo; global_colors_info=&raquo;{}&raquo;][et_pb_column type=&raquo;1_3&#8243; _builder_version=&raquo;4.12.0&#8243; _module_preset=&raquo;default&raquo; global_colors_info=&raquo;{}&raquo;][et_pb_text _builder_version=&raquo;4.12.0&#8243; _module_preset=&raquo;default&raquo; text_font=&raquo;|300|||||||&raquo; text_font_size=&raquo;17px&raquo; text_line_height=&raquo;1.3em&raquo; header_font_size=&raquo;20px&raquo; header_2_font=&raquo;|300|||||||&raquo; custom_margin=&raquo;||2px|||&raquo; custom_padding=&raquo;|||2%|false|false&raquo; header_2_font_size_tablet=&raquo;&raquo; header_2_font_size_phone=&raquo;&raquo; header_2_font_size_last_edited=&raquo;on|desktop&raquo; border_width_left=&raquo;1px&raquo; global_colors_info=&raquo;{}&raquo;]<\/p>\n<h2><strong>ADRESS<\/strong><\/h2>\n<p>SKIPPERGATA 41, 9008 TROMS\u00d8<\/p>\n<p>[\/et_pb_text][\/et_pb_column][et_pb_column type=&raquo;1_3&#8243; _builder_version=&raquo;4.12.0&#8243; _module_preset=&raquo;default&raquo; global_colors_info=&raquo;{}&raquo;][et_pb_text _builder_version=&raquo;4.12.0&#8243; _module_preset=&raquo;default&raquo; text_font=&raquo;|300|||||||&raquo; text_font_size=&raquo;17px&raquo; text_line_height=&raquo;1.3em&raquo; header_font_size=&raquo;20px&raquo; header_2_font=&raquo;|300|||||||&raquo; custom_margin=&raquo;||2px|||&raquo; custom_padding=&raquo;|||2%|false|false&raquo; header_2_font_size_tablet=&raquo;&raquo; header_2_font_size_phone=&raquo;&raquo; header_2_font_size_last_edited=&raquo;on|desktop&raquo; border_width_left=&raquo;1px&raquo; global_colors_info=&raquo;{}&raquo;]<\/p>\n<h2><strong>PHONE<\/strong><\/h2>\n<p>+47 950 10 546[\/et_pb_text][\/et_pb_column][et_pb_column type=&raquo;1_3&#8243; _builder_version=&raquo;4.12.0&#8243; _module_preset=&raquo;default&raquo; global_colors_info=&raquo;{}&raquo;][et_pb_text _builder_version=&raquo;4.12.0&#8243; _module_preset=&raquo;default&raquo; text_font=&raquo;|300|||||||&raquo; text_font_size=&raquo;17px&raquo; text_line_height=&raquo;1.3em&raquo; header_font_size=&raquo;20px&raquo; header_2_font=&raquo;|300|||||||&raquo; custom_margin=&raquo;||2px|||&raquo; custom_padding=&raquo;|||2%|false|false&raquo; header_2_font_size_tablet=&raquo;&raquo; header_2_font_size_phone=&raquo;&raquo; header_2_font_size_last_edited=&raquo;on|desktop&raquo; border_width_left=&raquo;1px&raquo; global_colors_info=&raquo;{}&raquo;]<\/p>\n<h2><strong>E-MAIL<\/strong><\/h2>\n<p>ASKEPOTTS.RENHOLD@GMAIL.COM[\/et_pb_text][\/et_pb_column][\/et_pb_row][\/et_pb_section]<\/p>","protected":false},"excerpt":{"rendered":"<p>Kontakt,Eller sp\u00f8r ossHar du noen sp\u00f8rsm\u00e5l, del dem med oss. Kontakt oss via skjemaet, s\u00e5 skreddersyr vi en egen avtale tilpasset dine behov.<div class=\"et_pb_module wpforms_selector wpforms_selector_0\">\n\t\t\t\t\n\t\t\t\t\n\t\t\t\t\n\t\t\t\t\n\t\t\t\t\n\t\t\t\t\n\t\t\t\t<div class=\"et_pb_module_inner\">\n\t\t\t\t\t<div class=\"wpforms-container wpforms-container-full\" id=\"wpforms-1040\"><form id=\"wpforms-form-1040\" class=\"wpforms-validate wpforms-form wpforms-ajax-form\" data-formid=\"1040\" method=\"post\" enctype=\"multipart\/form-data\" action=\"\/en\/wp-json\/wp\/v2\/pages\/19\" data-token=\"b02e8ebcc26f37bff6eb8bf6cc606019\" data-trp-original-action=\"\/en\/wp-json\/wp\/v2\/pages\/19\"><noscript class=\"wpforms-error-noscript\">Please enable JavaScript in your browser to complete this form.<\/noscript><div class=\"wpforms-field-container\"><div id=\"wpforms-1040-field_2-container\" class=\"wpforms-field wpforms-field-name wpforms-one-half wpforms-first\" data-field-id=\"2\"><label class=\"wpforms-field-label wpforms-label-hide\" for=\"wpforms-1040-field_2\">Name <span class=\"wpforms-required-label\">*<\/span><\/label><input type=\"text\" id=\"wpforms-1040-field_2\" class=\"wpforms-field-large wpforms-field-required\" name=\"wpforms[fields][2]\" placeholder=\"Name\" required><\/div><div id=\"wpforms-1040-field_3-container\" class=\"wpforms-field wpforms-field-email wpforms-one-half\" data-field-id=\"3\"><label class=\"wpforms-field-label wpforms-label-hide\" for=\"wpforms-1040-field_3\">Email <span class=\"wpforms-required-label\">*<\/span><\/label><input type=\"email\" id=\"wpforms-1040-field_3\" class=\"wpforms-field-large wpforms-field-required\" name=\"wpforms[fields][3]\" placeholder=\"E-mail\" spellcheck=\"false\" required><\/div><div id=\"wpforms-1040-field_10-container\" class=\"wpforms-field wpforms-field-text wpforms-one-half wpforms-first\" data-field-id=\"10\"><label class=\"wpforms-field-label wpforms-label-hide\" for=\"wpforms-1040-field_10\">Phone <span class=\"wpforms-required-label\">*<\/span><\/label><input type=\"text\" id=\"wpforms-1040-field_10\" class=\"wpforms-field-large wpforms-field-required wpforms-masked-input\" data-rule-inputmask-incomplete=\"1\" data-inputmask-mask=\"[+]99999999[99]\" name=\"wpforms[fields][10]\" placeholder=\"Phone\" required><\/div><div id=\"wpforms-1040-field_4-container\" class=\"wpforms-field wpforms-field-select wpforms-one-half wpforms-field-select-style-classic\" data-field-id=\"4\"><label class=\"wpforms-field-label wpforms-label-hide\" for=\"wpforms-1040-field_4\">Size m\u00b2 <span class=\"wpforms-required-label\">*<\/span><\/label><select id=\"wpforms-1040-field_4\" class=\"wpforms-field-large wpforms-field-required\" name=\"wpforms[fields][4]\" required=\"required\"><option value=\"St\u00f8rrelse M\u00b2\"  selected='selected'>Size m\u00b2<\/option><option value=\"45-59m\u00b2\" >45-59m\u00b2<\/option><option value=\"60-79m\u00b2\" >60-79m\u00b2<\/option><option value=\"80-99m\u00b2\" >80-99m\u00b2<\/option><option value=\"100-119m\u00b2\" >100-119m\u00b2<\/option><option value=\"120-139m\u00b2\" >120-139m\u00b2<\/option><option value=\"140-159m\u00b2\" >140-159m\u00b2<\/option><option value=\"160-179m\u00b2\" >160-179m\u00b2<\/option><option value=\"180-199m\u00b2\" >180-199m\u00b2<\/option><option value=\"200-219m\u00b2\" >200-219m\u00b2<\/option><option value=\"220-239m\u00b2\" >220-239m\u00b2<\/option><option value=\"240-259m\u00b2\" >240-259m\u00b2<\/option><option value=\"260-279m\u00b2\" >260-279m\u00b2<\/option><option value=\"280-299m\u00b2\" >280-299m\u00b2<\/option><option value=\"300-349m\u00b2\" >300-349m\u00b2<\/option><option value=\"350-399m\u00b2\" >350-399m\u00b2<\/option><option value=\"400m\u00b2&gt;\" >400m\u00b2&gt;<\/option><\/select><\/div><div id=\"wpforms-1040-field_9-container\" class=\"wpforms-field wpforms-field-textarea\" data-field-id=\"9\"><label class=\"wpforms-field-label wpforms-label-hide\" for=\"wpforms-1040-field_9\">Message<\/label><textarea id=\"wpforms-1040-field_9\" class=\"wpforms-field-large\" name=\"wpforms[fields][9]\" placeholder=\"Message\" ><\/textarea><\/div><div id=\"wpforms-1040-field_1-container\" class=\"wpforms-field wpforms-field-text hidden\" data-field-id=\"1\"><label class=\"wpforms-field-label wpforms-label-hide\" for=\"wpforms-1040-field_1\">Side <span class=\"wpforms-required-label\">*<\/span><\/label><input type=\"text\" id=\"wpforms-1040-field_1\" class=\"wpforms-field-medium wpforms-field-required\" name=\"wpforms[fields][1]\" required><\/div><\/div><!-- .wpforms-field-container --><div class=\"wpforms-submit-container\" ><input type=\"hidden\" name=\"wpforms[id]\" value=\"1040\"><input type=\"hidden\" name=\"wpforms[author]\" value=\"2\"><button type=\"submit\" name=\"wpforms[submit]\" id=\"wpforms-submit-1040\" class=\"wpforms-submit\" data-alt-text=\"Sending...\" data-submit-text=\"Send\" aria-live=\"assertive\" value=\"wpforms-submit\">Send<\/button><img loading=\"lazy\" decoding=\"async\" src=\"https:\/\/fmb.giaever.org\/wp-content\/plugins\/wpforms-lite\/assets\/images\/submit-spin.svg\" class=\"wpforms-submit-spinner\" style=\"display: none;\" width=\"26\" height=\"26\" alt=\"Loading\"><\/div><input type=\"hidden\" name=\"trp-form-language\" value=\"en\"\/><\/form><\/div>  <!-- .wpforms-container -->\n\t\t\t\t<\/div>\n\t\t\t<\/div>ADRESSE SKIPPERGATA 41, 9008 TROMS\u00d8TELEFON +47 950 10 546E-POST ASKEPOTTS.RENHOLD@GMAIL.COM<\/p>","protected":false},"author":2,"featured_media":0,"parent":0,"menu_order":0,"comment_status":"closed","ping_status":"closed","template":"","meta":{"_acf_changed":false,"_et_pb_use_builder":"on","_et_pb_old_content":"<!-- wp:divi\/placeholder \/-->","_et_gb_content_width":"","pgc_sgb_lightbox_settings":"","footnotes":""},"acf":[],"_links":{"self":[{"href":"https:\/\/fmb.giaever.org\/en\/wp-json\/wp\/v2\/pages\/19"}],"collection":[{"href":"https:\/\/fmb.giaever.org\/en\/wp-json\/wp\/v2\/pages"}],"about":[{"href":"https:\/\/fmb.giaever.org\/en\/wp-json\/wp\/v2\/types\/page"}],"author":[{"embeddable":true,"href":"https:\/\/fmb.giaever.org\/en\/wp-json\/wp\/v2\/users\/2"}],"replies":[{"embeddable":true,"href":"https:\/\/fmb.giaever.org\/en\/wp-json\/wp\/v2\/comments?post=19"}],"version-history":[{"count":0,"href":"https:\/\/fmb.giaever.org\/en\/wp-json\/wp\/v2\/pages\/19\/revisions"}],"wp:attachment":[{"href":"https:\/\/fmb.giaever.org\/en\/wp-json\/wp\/v2\/media?parent=19"}],"curies":[{"name":"wp","href":"https:\/\/api.w.org\/{rel}","templated":true}]}}