{"id":1150,"date":"2022-03-10T13:00:21","date_gmt":"2022-03-10T12:00:21","guid":{"rendered":"https:\/\/fmb.giaever.org\/?page_id=1150"},"modified":"2022-03-23T10:19:32","modified_gmt":"2022-03-23T09:19:32","slug":"tjenester-bedrift","status":"publish","type":"page","link":"https:\/\/fmb.giaever.org\/en\/tjenester-bedrift\/","title":{"rendered":"Tjenester Bedrift"},"content":{"rendered":"<p>[et_pb_section fb_built=&raquo;1&#8243; _builder_version=&raquo;4.12.0&#8243; _module_preset=&raquo;1393b617-4f9c-4526-9cd3-635eff37e3dd&raquo; custom_padding=&raquo;0px|||||&raquo; global_module=&raquo;1355&#8243; saved_tabs=&raquo;all&raquo; global_colors_info=&raquo;{}&raquo;][et_pb_row column_structure=&raquo;1_2,1_2&#8243; use_custom_gutter=&raquo;on&raquo; gutter_width=&raquo;1&#8243; make_equal=&raquo;on&raquo; _builder_version=&raquo;4.15&#8243; _module_preset=&raquo;default&raquo; max_width=&raquo;2560px&raquo; custom_padding=&raquo;50px||||false|false&raquo; global_colors_info=&raquo;{}&raquo;][et_pb_column type=&raquo;1_2&#8243; _builder_version=&raquo;4.15&#8243; _module_preset=&raquo;922b13a6-9fac-4f22-9ad0-3399e5cc69d2&#8243; global_colors_info=&raquo;{}&raquo;][et_pb_text _builder_version=&raquo;4.15&#8243; _module_preset=&raquo;default&raquo; header_font=&raquo;|300||on|||||&raquo; header_font_size=&raquo;65px&raquo; custom_margin=&raquo;||||false|false&raquo; custom_padding=&raquo;||30px||false|false&raquo; header_font_size_tablet=&raquo;50px&raquo; header_font_size_phone=&raquo;40px&raquo; header_font_size_last_edited=&raquo;on|phone&raquo; global_colors_info=&raquo;{}&raquo;]<\/p>\n<h1>OUR SERVICES \nARE ADAPTED<br \/><strong>TO YOU<\/strong><\/h1>\n<p>[\/et_pb_text][\/et_pb_column][et_pb_column type=&raquo;1_2&#8243; _builder_version=&raquo;4.15&#8243; _module_preset=&raquo;922b13a6-9fac-4f22-9ad0-3399e5cc69d2&#8243; global_colors_info=&raquo;{}&raquo;][et_pb_text _builder_version=&raquo;4.15&#8243; _module_preset=&raquo;default&raquo; text_font=&raquo;|300|||||||&raquo; text_font_size=&raquo;20px&raquo; text_line_height=&raquo;1.4em&raquo; custom_padding=&raquo;||20px||false|false&raquo; global_colors_info=&raquo;{}&raquo;]<\/p>\n<p>Askepotts Renhold provides cleaning and maintenance services mainly in Troms\u00f8, but some exceptions by agreement. Our cleaning services are adapted to your needs and fields of work.<\/p>\n<p>[\/et_pb_text][\/et_pb_column][\/et_pb_row][et_pb_row _builder_version=&raquo;4.15&#8243; _module_preset=&raquo;default&raquo; max_width=&raquo;2560px&raquo; custom_margin=&raquo;0px||0px||true|false&raquo; custom_padding=&raquo;0px|0px|0px|0px|true|true&raquo; border_width_bottom=&raquo;1px&raquo; global_colors_info=&raquo;{}&raquo;][et_pb_column type=&raquo;4_4&#8243; _builder_version=&raquo;4.15&#8243; _module_preset=&raquo;default&raquo; global_colors_info=&raquo;{}&raquo;][et_pb_menu menu_id=&raquo;25&#8243; menu_style=&raquo;centered&raquo; active_link_color=&raquo;#000000&#8243; module_class=&raquo;lwp-hide-mobile-menu&raquo; _builder_version=&raquo;4.15&#8243; _module_preset=&raquo;default&raquo; menu_font=&raquo;|600|||||||&raquo; custom_margin=&raquo;||-1px||false|false&raquo; custom_padding=&raquo;||0px||false|false&raquo; custom_css_main_element=&raquo;background:transparent;&raquo; custom_css_menu_link=&raquo;padding:10px;&raquo; custom_css_active_menu_link=&raquo;border-left: 1px solid #000;||border-top: 1px solid #000;||border-right: 1px solid #000;||border-bottom: 1px solid #fff;&raquo; global_colors_info=&raquo;{}&raquo;][\/et_pb_menu][\/et_pb_column][\/et_pb_row][\/et_pb_section][et_pb_section fb_built=&raquo;1&#8243; _builder_version=&raquo;4.15&#8243; _module_preset=&raquo;default&raquo; custom_margin=&raquo;||||false|false&raquo; custom_padding=&raquo;0px||||false|false&raquo; global_colors_info=&raquo;{}&raquo;][et_pb_row use_custom_gutter=&raquo;on&raquo; gutter_width=&raquo;2&#8243; make_equal=&raquo;on&raquo; _builder_version=&raquo;4.15.1&#8243; _module_preset=&raquo;default&raquo; max_width=&raquo;2560px&raquo; custom_padding=&raquo;0px||0px||false|false&raquo; global_colors_info=&raquo;{}&raquo;][et_pb_column type=&raquo;4_4&#8243; _builder_version=&raquo;4.15.1&#8243; _module_preset=&raquo;default&raquo; global_colors_info=&raquo;{}&raquo;][et_pb_blog fullwidth=&raquo;on&raquo; posts_number=&raquo;20&#8243; include_categories=&raquo;17&#8243; module_class=&raquo;left-blog-image et_pb_blog_grid&raquo; _builder_version=&raquo;4.15.1&#8243; _module_preset=&raquo;default&raquo; body_font=&raquo;|300|||||||&raquo; body_font_size=&raquo;18px&raquo; read_more_font=&raquo;|600|||||||&raquo; read_more_font_size=&raquo;15px&raquo; header_font_size_tablet=&raquo;20px&raquo; header_font_size_phone=&raquo;20px&raquo; header_font_size_last_edited=&raquo;on|desktop&raquo; body_text_color_tablet=&raquo;&raquo; body_text_color_phone=&raquo;&raquo; body_text_color_last_edited=&raquo;on|tablet&raquo; box_shadow_style=&raquo;none&raquo; global_colors_info=&raquo;{}&raquo;][\/et_pb_blog][\/et_pb_column][\/et_pb_row][\/et_pb_section][et_pb_section fb_built=&raquo;1&#8243; _builder_version=&raquo;4.12.0&#8243; _module_preset=&raquo;1393b617-4f9c-4526-9cd3-635eff37e3dd&raquo; custom_padding=&raquo;0px|||||&raquo; global_module=&raquo;634&#8243; saved_tabs=&raquo;all&raquo; global_colors_info=&raquo;{}&raquo;][et_pb_row use_custom_gutter=&raquo;on&raquo; gutter_width=&raquo;1&#8243; make_equal=&raquo;on&raquo; _builder_version=&raquo;4.15&#8243; _module_preset=&raquo;default&raquo; max_width=&raquo;2560px&raquo; custom_margin=&raquo;-13px|auto||auto||&raquo; custom_padding=&raquo;0px|||||&raquo; global_colors_info=&raquo;{}&raquo;][et_pb_column type=&raquo;4_4&#8243; _builder_version=&raquo;4.15&#8243; _module_preset=&raquo;922b13a6-9fac-4f22-9ad0-3399e5cc69d2&#8243; global_colors_info=&raquo;{}&raquo;][et_pb_button button_url=&raquo;\/kontakt&raquo; button_text=&raquo;Bestill vask&raquo; button_text_tablet=&raquo;Kontakt oss&raquo; button_text_last_edited=&raquo;off|desktop&raquo; admin_label=&raquo;Knapp&raquo; _builder_version=&raquo;4.13.0&#8243; _module_preset=&raquo;_initial&raquo; custom_margin=&raquo;||||false|true&raquo; custom_padding_tablet=&raquo;&raquo; custom_padding_phone=&raquo;15px|30px|15px|30px|true|true&raquo; custom_padding_last_edited=&raquo;on|desktop&raquo; button_text_size_tablet=&raquo;&raquo; button_text_size_phone=&raquo;16px&raquo; button_text_size_last_edited=&raquo;on|phone&raquo; button_bg_color_last_edited=&raquo;off|desktop&raquo; global_colors_info=&raquo;{}&raquo; button_bg_color__hover_enabled=&raquo;on|hover&raquo; button_bg_color__hover=&raquo;#63617c&raquo; custom_css_main_element_last_edited=&raquo;on|phone&raquo; custom_css_main_element_phone=&raquo;white-space: nowrap;&raquo; button_bg_enable_color__hover=&raquo;on&raquo;][\/et_pb_button][et_pb_text _builder_version=&raquo;4.15&#8243; _module_preset=&raquo;default&raquo; header_font=&raquo;|300||on|||||&raquo; header_text_align=&raquo;left&raquo; header_font_size=&raquo;50px&raquo; custom_margin=&raquo;||||false|false&raquo; custom_padding=&raquo;||30px||false|false&raquo; header_text_align_tablet=&raquo;left&raquo; header_text_align_phone=&raquo;center&raquo; header_text_align_last_edited=&raquo;on|phone&raquo; header_font_size_tablet=&raquo;40px&raquo; header_font_size_phone=&raquo;30px&raquo; header_font_size_last_edited=&raquo;on|phone&raquo; border_width_bottom=&raquo;1px&raquo; global_colors_info=&raquo;{}&raquo;]<\/p>\n<h1>Order <b>today<\/b><\/h1>\n<p>[\/et_pb_text][\/et_pb_column][\/et_pb_row][\/et_pb_section]<\/p>","protected":false},"excerpt":{"rendered":"<p>V\u00e5re tjenesterTilpasses degAksepotts Renhold AS leverer renholds- og vedlikeholdstjenester hovedsakelig i Troms\u00f8, med noen unntak etter avtale. V\u00e5re vasketjenester tilpasses etter behov samt arbeidsfelt.Bestill vask i dag<\/p>","protected":false},"author":2,"featured_media":0,"parent":0,"menu_order":0,"comment_status":"closed","ping_status":"closed","template":"","meta":{"_acf_changed":false,"_et_pb_use_builder":"on","_et_pb_old_content":"","_et_gb_content_width":"","pgc_sgb_lightbox_settings":"","footnotes":""},"acf":[],"_links":{"self":[{"href":"https:\/\/fmb.giaever.org\/en\/wp-json\/wp\/v2\/pages\/1150"}],"collection":[{"href":"https:\/\/fmb.giaever.org\/en\/wp-json\/wp\/v2\/pages"}],"about":[{"href":"https:\/\/fmb.giaever.org\/en\/wp-json\/wp\/v2\/types\/page"}],"author":[{"embeddable":true,"href":"https:\/\/fmb.giaever.org\/en\/wp-json\/wp\/v2\/users\/2"}],"replies":[{"embeddable":true,"href":"https:\/\/fmb.giaever.org\/en\/wp-json\/wp\/v2\/comments?post=1150"}],"version-history":[{"count":10,"href":"https:\/\/fmb.giaever.org\/en\/wp-json\/wp\/v2\/pages\/1150\/revisions"}],"predecessor-version":[{"id":1588,"href":"https:\/\/fmb.giaever.org\/en\/wp-json\/wp\/v2\/pages\/1150\/revisions\/1588"}],"wp:attachment":[{"href":"https:\/\/fmb.giaever.org\/en\/wp-json\/wp\/v2\/media?parent=1150"}],"curies":[{"name":"wp","href":"https:\/\/api.w.org\/{rel}","templated":true}]}}