{"id":11,"date":"2021-10-30T14:12:36","date_gmt":"2021-10-30T12:12:36","guid":{"rendered":"https:\/\/fmb.giaever.org\/?page_id=11"},"modified":"2021-11-02T21:22:49","modified_gmt":"2021-11-02T20:22:49","slug":"om-oss","status":"publish","type":"page","link":"https:\/\/fmb.giaever.org\/en\/om-oss\/","title":{"rendered":"About"},"content":{"rendered":"<p>[et_pb_section fb_built=&raquo;1&#8243; _builder_version=&raquo;4.12.0&#8243; _module_preset=&raquo;default&raquo; custom_padding=&raquo;0px|||||&raquo; global_colors_info=&raquo;{}&raquo;][et_pb_row column_structure=&raquo;1_2,1_2&#8243; _builder_version=&raquo;4.12.0&#8243; _module_preset=&raquo;default&raquo; max_width=&raquo;2560px&raquo; global_colors_info=&raquo;{}&raquo;][et_pb_column type=&raquo;1_2&#8243; _builder_version=&raquo;4.12.0&#8243; _module_preset=&raquo;default&raquo; global_colors_info=&raquo;{}&raquo;][et_pb_text _builder_version=&raquo;4.12.0&#8243; _module_preset=&raquo;default&raquo; text_font=&raquo;|300|||||||&raquo; text_font_size=&raquo;25px&raquo; text_line_height=&raquo;1.3em&raquo; header_2_font=&raquo;|300|||||||&raquo; header_2_font_size=&raquo;45px&raquo; custom_margin=&raquo;||2px|||&raquo; custom_padding=&raquo;|||5%|false|false&raquo; text_font_size_tablet=&raquo;25px&raquo; text_font_size_phone=&raquo;20px&raquo; text_font_size_last_edited=&raquo;on|phone&raquo; header_2_font_size_tablet=&raquo;45px&raquo; header_2_font_size_phone=&raquo;35px&raquo; header_2_font_size_last_edited=&raquo;on|desktop&raquo; border_width_left=&raquo;1px&raquo; global_colors_info=&raquo;{}&raquo;]<\/p>\n<h2>ASKEPOTTS<strong> RENHOLD<\/strong><\/h2>\n<p>My name is Louiza Petersen and I am CEO in Askepotts Renhold AS, which was founded in 2003. The name of the company means Cinderella\u2019s Cleaning.\n\nIn addition to long experience in the cleaning sphere, I also have a background as an occupational therapist, where one of the main focuses is on ergonomy. This knowledge is used regularly to my team\u2019s advantage, so that unnecessary workload is avoided in all our working places.<\/p>\n<p>Good health and a good working environment contributes to happy and satisfied employees, whom in return always live up to our clients expectations.  To have the main focus on quality in our work has resulted in over seven years fantastic cooperation with both private as well as cooperative clients.<\/p>\n<p>Ergo our motto: Quality above quantity.<\/p>\n<p>[\/et_pb_text][\/et_pb_column][et_pb_column type=&raquo;1_2&#8243; _builder_version=&raquo;4.12.0&#8243; _module_preset=&raquo;default&raquo; global_colors_info=&raquo;{}&raquo;][et_pb_image src=&raquo;https:\/\/fmb.giaever.org\/wp-content\/uploads\/2021\/11\/Askepott-louiza.jpg&raquo; title_text=&raquo;Askepott-louiza&raquo; _builder_version=&raquo;4.12.0&#8243; _module_preset=&raquo;default&raquo; global_colors_info=&raquo;{}&raquo;][\/et_pb_image][\/et_pb_column][\/et_pb_row][\/et_pb_section][et_pb_section fb_built=&raquo;1&#8243; _builder_version=&raquo;4.12.0&#8243; _module_preset=&raquo;1393b617-4f9c-4526-9cd3-635eff37e3dd&raquo; custom_padding=&raquo;0px|||||&raquo; global_module=&raquo;634&#8243; saved_tabs=&raquo;all&raquo; global_colors_info=&raquo;{}&raquo;][et_pb_row use_custom_gutter=&raquo;on&raquo; gutter_width=&raquo;1&#8243; make_equal=&raquo;on&raquo; _builder_version=&raquo;4.12.0&#8243; _module_preset=&raquo;default&raquo; max_width=&raquo;2560px&raquo; custom_margin=&raquo;-13px|auto||auto||&raquo; custom_padding=&raquo;0px|||||&raquo; global_colors_info=&raquo;{}&raquo;][et_pb_column type=&raquo;4_4&#8243; _builder_version=&raquo;4.12.0&#8243; _module_preset=&raquo;922b13a6-9fac-4f22-9ad0-3399e5cc69d2&#8243; global_colors_info=&raquo;{}&raquo;][et_pb_button button_url=&raquo;\/kontakt&raquo; button_text=&raquo;Bestill vask&raquo; button_text_tablet=&raquo;Kontakt oss&raquo; button_text_last_edited=&raquo;off|desktop&raquo; _builder_version=&raquo;4.12.0&#8243; _module_preset=&raquo;_initial&raquo; button_bg_color=&raquo;#FFFFFF&raquo; positioning=&raquo;absolute&raquo; position_origin_a=&raquo;bottom_right&raquo; position_origin_f=&raquo;bottom_right&raquo; position_origin_r=&raquo;bottom_right&raquo; vertical_offset=&raquo;-28px&raquo; z_index=&raquo;1&#8243; position_origin_a_tablet=&raquo;bottom_right&raquo; position_origin_a_phone=&raquo;bottom_center&raquo; position_origin_a_last_edited=&raquo;on|tablet&raquo; position_origin_f_tablet=&raquo;bottom_right&raquo; position_origin_f_phone=&raquo;bottom_right&raquo; position_origin_f_last_edited=&raquo;on|desktop&raquo; position_origin_r_tablet=&raquo;bottom_right&raquo; position_origin_r_phone=&raquo;bottom_right&raquo; position_origin_r_last_edited=&raquo;on|desktop&raquo; custom_margin=&raquo;||||false|true&raquo; custom_padding_phone=&raquo;15px|50px|15px|50px|true|true&raquo; button_text_size_tablet=&raquo;&raquo; button_text_size_phone=&raquo;16px&raquo; button_text_size_last_edited=&raquo;on|phone&raquo; button_bg_color_last_edited=&raquo;off|desktop&raquo; positioning_tablet=&raquo;absolute&raquo; positioning_phone=&raquo;absolute&raquo; positioning_last_edited=&raquo;on|phone&raquo; global_colors_info=&raquo;{}&raquo; button_bg_color__hover_enabled=&raquo;on|hover&raquo; button_bg_color__hover=&raquo;#63617c&raquo; button_bg_enable_color__hover=&raquo;on&raquo; custom_css_main_element_last_edited=&raquo;on|phone&raquo; custom_css_main_element_phone=&raquo;white-space: nowrap;&raquo;][\/et_pb_button][et_pb_text _builder_version=&raquo;4.12.0&#8243; _module_preset=&raquo;default&raquo; header_font=&raquo;|300||on|||||&raquo; header_text_align=&raquo;left&raquo; header_font_size=&raquo;50px&raquo; custom_margin=&raquo;||||false|false&raquo; custom_padding=&raquo;||30px||false|false&raquo; header_text_align_tablet=&raquo;left&raquo; header_text_align_phone=&raquo;center&raquo; header_text_align_last_edited=&raquo;on|phone&raquo; header_font_size_tablet=&raquo;40px&raquo; header_font_size_phone=&raquo;30px&raquo; header_font_size_last_edited=&raquo;on|phone&raquo; border_width_bottom=&raquo;1px&raquo; global_colors_info=&raquo;{}&raquo;]<\/p>\n<h1>Order <b>today<\/b><\/h1>\n<p>[\/et_pb_text][\/et_pb_column][\/et_pb_row][\/et_pb_section]<\/p>","protected":false},"excerpt":{"rendered":"<p>ASKEPOTTS RENHOLD Mitt navn er Louiza Petersen og jeg er daglig leder i Askepotts Renhold AS, som ble stiftet i 2013. I tillegg til lang erfaring innenfor renholdsfeltet har jeg ogs\u00e5 bakgrunn innen ergonomi. Denne kompetansen brukes aktivt til fordel for teamet, slik at un\u00f8dvendig belastning unng\u00e5s p\u00e5 alle v\u00e5re arbeidsplasser. God helse og bra [&hellip;]<\/p>","protected":false},"author":2,"featured_media":0,"parent":0,"menu_order":0,"comment_status":"closed","ping_status":"closed","template":"","meta":{"_acf_changed":false,"_et_pb_use_builder":"on","_et_pb_old_content":"<!-- wp:divi\/placeholder \/-->","_et_gb_content_width":"","pgc_sgb_lightbox_settings":"","footnotes":""},"acf":[],"_links":{"self":[{"href":"https:\/\/fmb.giaever.org\/en\/wp-json\/wp\/v2\/pages\/11"}],"collection":[{"href":"https:\/\/fmb.giaever.org\/en\/wp-json\/wp\/v2\/pages"}],"about":[{"href":"https:\/\/fmb.giaever.org\/en\/wp-json\/wp\/v2\/types\/page"}],"author":[{"embeddable":true,"href":"https:\/\/fmb.giaever.org\/en\/wp-json\/wp\/v2\/users\/2"}],"replies":[{"embeddable":true,"href":"https:\/\/fmb.giaever.org\/en\/wp-json\/wp\/v2\/comments?post=11"}],"version-history":[{"count":0,"href":"https:\/\/fmb.giaever.org\/en\/wp-json\/wp\/v2\/pages\/11\/revisions"}],"wp:attachment":[{"href":"https:\/\/fmb.giaever.org\/en\/wp-json\/wp\/v2\/media?parent=11"}],"curies":[{"name":"wp","href":"https:\/\/api.w.org\/{rel}","templated":true}]}}